{"id":143,"date":"2016-03-25T05:29:49","date_gmt":"2016-03-25T05:29:49","guid":{"rendered":"http:\/\/wpdemos.themezaa.com\/paperio\/adelta\/?page_id=143"},"modified":"2024-11-07T15:17:01","modified_gmt":"2024-11-07T14:17:01","slug":"wer-wir-sind","status":"publish","type":"page","link":"https:\/\/www.madcham.de\/de\/wer-wir-sind\/","title":{"rendered":"Wer wir sind"},"content":{"rendered":"<div class=\"margin-six-bottom xs-margin-ten-bottom display-table\">\n<div class=\"col-md-6 col-sm-12 no-padding about-img-left\"><img loading=\"lazy\" decoding=\"async\" class=\"alignnone size-full wp-image-798\" src=\"https:\/\/www.madcham.de\/wp-content\/uploads\/2022\/09\/Madcham-Wer-wir-sind-Kopie.jpg\" alt=\"\" width=\"800\" height=\"800\" \/><\/div>\n<div class=\"col-md-6 col-sm-12 fl-right background-color about-img-right\">\n<p><span class=\"title-extra-large font-weight-300 display-block text-mid-gray margin-bottom-5 xs-no-margin-bottom\">Wir, das sind Thorsten, Alex und Dimby.<\/span><\/p>\n<p style=\"text-align: justify;\">Wir sind das Team von Madcham.de!<\/p>\n<p style=\"text-align: justify;\">Thorsten ist Fotografenmeister und Chef von <a href=\"https:\/\/www.tanalahorizon.com\" target=\"_blank\" rel=\"noopener\">Tanalahorizon<\/a>, <em>der<\/em> Reiseagentur f\u00fcr Madagaskarreisen. Thorsten, Spitzname <em>Tanala<\/em> (madagassisch f\u00fcr Cham\u00e4leon), hat zusammen mit einem Freund vor 12 Jahren Madcham.de gegr\u00fcndet. Alex ist Tier\u00e4rztin mit Faible f\u00fcr Reptilien, insbesondere Cham\u00e4leons, und hat ihre Doktorarbeit \u00fcber Panthercham\u00e4leons geschrieben. Deshalb ist sie wie Thorsten seit etlichen Jahren regelm\u00e4\u00dfig auf Madagaskar, zum <a href=\"https:\/\/www.madcham.de\/de\/chamaeleons-fotografieren\/\">Fotografieren<\/a> und Daten sammeln. So kam sie zu Madcham.de und sorgte daf\u00fcr, dass die Website nach und nach\u00a0 \u00fcberarbeitet und erweitert wurde. \u00dcber Tanalahorizon kam schlie\u00dflich auch Dimby zu den Cham\u00e4leons. Er ist Tourkoordinator und National Guide und auf unseren Expeditionen immer dabei. Es d\u00fcrfte auf Madagaskar wenige Leute geben, die soviel Erfahrung und Fingerspitzengef\u00fchl im Umgang mit den bunten Schuppentieren haben wie er. Au\u00dferdem ist er immer auf der Suche nach neuen Fundorten f\u00fcr seltene Arten.<\/p>\n<p><span style=\"font-size: 10pt;\">Foto v.l.n.r.: Nestor, Jos\u00e9, Mosesy, Thorsten, Dimby und Alex<\/span><\/p>\n<div class=\"padding-top-20 no-padding-lr xs-no-padding-bottom border-top-mid-gray\"><\/div>\n<\/div>\n<\/div>\n<div class=\"BorlabsCookie _brlbs-cb-youtube\"><div class=\"_brlbs-content-blocker\"> <div class=\"_brlbs-embed _brlbs-video-youtube\"> <img class=\"_brlbs-thumbnail\" src=\"https:\/\/www.madcham.de\/wp-content\/plugins\/borlabs-cookie\/assets\/images\/cb-no-thumbnail.png\" alt=\"YouTube\"> <div class=\"_brlbs-caption\"> <p>Mit dem Laden des Videos akzeptieren Sie die Datenschutzerkl\u00e4rung von YouTube.<br><a href=\"https:\/\/policies.google.com\/privacy\" target=\"_blank\" rel=\"nofollow noopener noreferrer\">Mehr erfahren<\/a><\/p> <p><a class=\"_brlbs-btn _brlbs-icon-play-white\" href=\"#\" data-borlabs-cookie-unblock role=\"button\">Video laden<\/a><\/p> <p><label><input type=\"checkbox\" name=\"unblockAll\" value=\"1\" checked> <small>YouTube immer entsperren<\/small><\/label><\/p> <\/div> <\/div> <\/div><div class=\"borlabs-hide\" data-borlabs-cookie-type=\"content-blocker\" data-borlabs-cookie-id=\"youtube\"><script type=\"text\/template\">PHA+PGlmcmFtZSBsb2FkaW5nPSJsYXp5IiBzcmM9Imh0dHBzOi8vd3d3LnlvdXR1YmUtbm9jb29raWUuY29tL2VtYmVkLzB4TDlvVzB0ZjY4IiB3aWR0aD0iMTAwJSIgaGVpZ2h0PSI3NTBweCIgZnJhbWVib3JkZXI9IjAiIGFsbG93ZnVsbHNjcmVlbj0iYWxsb3dmdWxsc2NyZWVuIj48L2lmcmFtZT48L3A+<\/script><\/div><\/div>\n<div class=\"bg-gray text-center padding-all-15 margin-eight-bottom sm-margin-ten-bottom xs-margin-twelve-bottom\">\n<div class=\"border-light about-content-box padding-six\">\n<p><span class=\"alt-font font-weight-400 text-uppercase text-small\">Unsere Ziele<br \/>\n<\/span><\/p>\n<p style=\"text-align: justify;\">Unser Ziel ist es, m\u00f6glichst viele Daten zu madagassischen Cham\u00e4leons und dem Klima auf Madagaskar zu sammeln. Das Ganze ist ein absolutes Non-Profit-Projekt, das wir nebenher in unserer Freizeit betreiben: Keiner von uns verdient etwas daran, selbst gesammelte Daten, Infos und Fotos ins Internet zu stellen. Mit Madcham.de m\u00f6chten wir eine Plattform schaffen, die als Nachschlagewerk sowohl f\u00fcr uns selbst als auch f\u00fcr Cham\u00e4leonhalter, -interessenten und -z\u00fcchter dient. Dies soll letztendlich auch dazu f\u00fchren, ein h\u00f6heres Bewusstsein f\u00fcr den Artenschutz auf Madagaskar, aber auch innerhalb der Terraristik, zu schaffen. Inzwischen ist die Website bereits von ihren kleinen Anf\u00e4ngen beachtlich gewachsen. Doch trotz einer gro\u00dfen Menge Fotos und Infos gibt es noch unendlich viel zu tun.<\/p>\n<\/div>\n<\/div>\n<div class=\"row margin-seven-bottom xs-margin-fifteen-bottom\">\n<div class=\"paperio-text-block col-md-4 col-sm-4 col-xs-12 xs-margin-bottom-20\">\n<div class=\"about-bottom-col-img\"><a href=\"#\"><img loading=\"lazy\" decoding=\"async\" class=\"alignnone size-full wp-image-816\" style=\"margin-bottom: 20px !important;\" src=\"https:\/\/www.madcham.de\/wp-content\/uploads\/2015\/05\/Furcifer-pardalis-Lokalform-Ambanja-3.jpg\" alt=\"\" width=\"800\" height=\"445\" \/><\/a><\/div>\n<h2 class=\"text-medium text-uppercase alt-font font-weight-700 margin-bottom-10\"><a href=\"https:\/\/www.madcham.de\/de\/category\/chamaeleons-habitatsdaten\/lokalformen-von-furcifer-pardalis\/\" target=\"_blank\" rel=\"noopener noreferrer\">Lokalformen von Panthercham\u00e4leons<\/a><\/h2>\n<p class=\"text-medium no-margin-bottom text-gray-light\" style=\"text-align: justify;\">Damit fing alles an. Viele Mythen und M\u00e4rchen \u00fcber die verschiedenen <a href=\"https:\/\/www.madcham.de\/de\/category\/chamaeleons-habitatsdaten\/lokalformen-von-furcifer-pardalis\/\" target=\"_blank\" rel=\"noopener noreferrer\">Lokalformen des Panthercham\u00e4leons<\/a> grassieren au\u00dferhalb Madagaskars, und wir m\u00f6chten dazu beitragen, diese zu beseitigen und \u00fcber die Fakten vor Ort aufzukl\u00e4ren. Wo gibt es welche Farben, wo sind nat\u00fcrliche Grenzen, und welche Lokalformen sind einfach Kunstnamen findiger Verk\u00e4ufer? Und gibt es vielleicht Orte, von denen man gar keine Cham\u00e4leons importieren darf oder wegen unwegsamer, abgelegener Orte nicht transportieren kann? Das alles kl\u00e4ren wir.<\/p>\n<\/div><div class=\"paperio-text-block col-md-4 col-sm-4 col-xs-12 xs-margin-bottom-20\">\n<div class=\"about-bottom-col-img\"><a href=\"#\"><img loading=\"lazy\" decoding=\"async\" class=\"alignnone size-full wp-image-816\" style=\"margin-bottom: 20px !important;\" src=\"https:\/\/www.madcham.de\/wp-content\/uploads\/2016\/11\/Dimby-mit-Furcifer-timoni.jpg\" alt=\"\" width=\"800\" height=\"445\" \/><\/a><\/div>\n<h2 class=\"text-medium text-uppercase alt-font font-weight-700 margin-bottom-10\"><a href=\"https:\/\/www.madcham.de\/de\/category\/chamaeleons-habitatsdaten\/calumma-arten\/\" target=\"_blank\" rel=\"noopener noreferrer\">Dokumentation anderer Cham\u00e4leon-Arten<\/a><\/h2>\n<p class=\"text-medium no-margin-bottom text-gray-light\" style=\"text-align: justify;\">Viele Cham\u00e4leons Madagaskars sind relativ unbekannt, oder zumindest kennen selbst die meisten Cham\u00e4leonhalter nur eine Hand voll Spezies. Dabei ist Madagaskar eine Schatztruhe mit zig unterschiedlichen Cham\u00e4leon-Arten, die alle auf ihre Weise einzigartig und sch\u00fctzenswert sind. Einige Arten haben grandiose Farbvarianten entwickelt, die wir fotografisch festhalten. Wir m\u00f6chten jedem Besucher von madcham.de diese Vielfalt n\u00e4herbringen und zeigen, dass es noch mehr gibt als <a href=\"https:\/\/www.madcham.de\/de\/furcifer-pardalis\/\" target=\"_blank\" rel=\"noopener noreferrer\">Panthercham\u00e4leons<\/a> und <a href=\"https:\/\/www.madcham.de\/de\/calumma-parsonii-parsonii\/\" target=\"_blank\" rel=\"noopener noreferrer\">Parsons<\/a>.<\/p>\n<\/div><div class=\"paperio-text-block col-md-4 col-sm-4 col-xs-12 xs-margin-bottom-20\">\n<div class=\"about-bottom-col-img\"><a href=\"#\"><img loading=\"lazy\" decoding=\"async\" class=\"alignnone size-full wp-image-816\" style=\"margin-bottom: 20px !important;\" src=\"https:\/\/www.madcham.de\/wp-content\/uploads\/2017\/11\/UVB-messen-in-Maroantsetra.jpg\" alt=\"\" width=\"800\" height=\"445\" \/><\/a><\/div>\n<h2 class=\"text-medium text-uppercase alt-font font-weight-700 margin-bottom-10\"><a href=\"#\">Klima- und UVB-Daten<\/a><\/h2>\n<p class=\"text-medium no-margin-bottom text-gray-light\" style=\"text-align: justify;\">Das Ziel der Terraristik ist es urspr\u00fcnglich, ein St\u00fcck Natur ins heimische Wohnzimmer zu holen. Um dieses St\u00fcck Natur dem nat\u00fcrlichen Lebensraum m\u00f6glichst \u00e4hnlich nachbauen zu k\u00f6nnen, sammeln wir Temperatur-, Luftfeuchtigkeitswerte und UVB-Indices. In den letzten Jahren haben wir an einigen Orten sogar \u00fcber ein Jahr lang Klimamessger\u00e4te angebracht, um direkt vor Ort Daten zu gewinnen. Die oft erh\u00e4ltlichen Daten stammen leider in der Regel von Klimastationen, die sich meist stadtnah und nicht im Habitat der Cham\u00e4leons befinden.<\/p>\n<\/div>\n<div class=\"paperio-text-block col-md-4 col-sm-4 col-xs-12 xs-margin-bottom-20\">\n<div class=\"about-bottom-col-img\"><a href=\"#\"><img loading=\"lazy\" decoding=\"async\" class=\"alignnone size-full wp-image-816\" style=\"margin-bottom: 20px !important; margin-top: 50px !important;\" src=\"https:\/\/www.madcham.de\/wp-content\/uploads\/2017\/11\/Temperatur-messen-Bodentemperatur.jpg\" alt=\"\" width=\"800\" height=\"445\" \/><\/a><\/div>\n<h2 class=\"text-medium text-uppercase alt-font font-weight-700 margin-bottom-10\"><a href=\"#\">Inkubationsdaten<\/a><\/h2>\n<p class=\"text-medium no-margin-bottom text-gray-light\" style=\"text-align: justify;\">Bei vielen Arten in der Terraristik ist es das gro\u00dfe Problem: Man hat eine seltene Art Cham\u00e4leon erfolgreich zur Verpaarung und <a href=\"https:\/\/www.madcham.de\/de\/traechtigkeit-und-eiablage\/\">Eiablage<\/a> gebracht, aber zur <a href=\"https:\/\/www.madcham.de\/de\/inkubation-der-eier\/\">Inkubation<\/a> wei\u00df niemand etwas Genaues. Deshalb sammeln wir das ganze Jahr \u00fcber auf Madagaskar Bodentemperaturen, wo weibliche Cham\u00e4leons gegraben haben. Je nach Habitat &#8211; Insel, Hochlandregenwald oder gar Dornwald &#8211; k\u00f6nnen die Bodentemperaturen in 20 cm Tiefe von der Umgebungstemperatur deutlich abweichen.<\/p>\n<\/div><div class=\"paperio-text-block col-md-4 col-sm-4 col-xs-12 xs-margin-bottom-20\">\n<div class=\"about-bottom-col-img\"><a href=\"#\"><img loading=\"lazy\" decoding=\"async\" class=\"alignnone size-full wp-image-816\" style=\"margin-bottom: 20px !important; margin-top: 50px !important;\" src=\"https:\/\/www.madcham.de\/wp-content\/uploads\/2017\/11\/Waage.jpg\" alt=\"\" width=\"800\" height=\"445\" \/><\/a><\/div>\n<h2 class=\"text-medium text-uppercase alt-font font-weight-700 margin-bottom-10\"><a href=\"#\">K\u00f6rperl\u00e4nge und Gewichte<\/a><\/h2>\n<p class=\"text-medium no-margin-bottom text-gray-light\" style=\"text-align: justify;\">Soweit es m\u00f6glich und tiergerecht ist, sammeln wir Daten zu Gewichten und L\u00e4ngen verschiedener Cham\u00e4leons. Nicht jedes Tier l\u00e4sst sich wiegen, aber gerade die g\u00e4ngigen Arten in der Terraristik sind oft auch in freier Natur gut h\u00e4ndelbar. Damit erstellen wir f\u00fcr jede Cham\u00e4leonart eigene Gewichtskurven, aus der man Durchschnittsgewichte auf Madagaskar im Verh\u00e4ltnis zur K\u00f6rpergr\u00f6\u00dfe ablesen kann. Insgesamt f\u00e4llt auf, dass Cham\u00e4leons in der freien Natur of deutlich leichter sind als vermutet.<\/p>\n<\/div><div class=\"paperio-text-block col-md-4 col-sm-4 col-xs-12 xs-margin-bottom-20\">\n<div class=\"about-bottom-col-img\"><a href=\"#\"><img loading=\"lazy\" decoding=\"async\" class=\"alignnone size-full wp-image-816\" style=\"margin-bottom: 20px !important; margin-top: 50px !important;\" src=\"https:\/\/www.madcham.de\/wp-content\/uploads\/2017\/11\/Habitat-fotografieren.jpg\" alt=\"\" width=\"800\" height=\"445\" \/><\/a><\/div>\n<h2 class=\"text-medium text-uppercase alt-font font-weight-700 margin-bottom-10\"><a href=\"#\">Habitatfotos und 360\u00b0-Aufnahmen<\/a><\/h2>\n<p class=\"text-medium no-margin-bottom text-gray-light\" style=\"text-align: justify;\">Die wenigsten Cham\u00e4leonhalter waren selbst schonmal auf Madagaskar. Entsprechend fehlt oft die Vorstellung davon, wie der Lebensraum der Cham\u00e4leons aussieht &#8211; und Madagaskar hat von w\u00fcsten\u00e4hnlichen Gebieten bis dauergr\u00fcnem Regenwald fast alle denkbaren Lebensr\u00e4ume. Wir machen Fotos von typischen Habitaten und nehmen seit einigen Jahren zus\u00e4tzlich 360\u00b0-Bilder auf. So kann jeder sich Madagaskar &#8222;live nach Hause&#8220; holen und sich im Lebensraum der Tiere umsehen, ohne selbst dort zu sein.<\/p>\n<\/div>\n<div class=\"paperio-text-block col-md-4 col-sm-4 col-xs-12 xs-margin-bottom-20\">\n<div class=\"about-bottom-col-img\"><a href=\"#\"><img loading=\"lazy\" decoding=\"async\" class=\"alignnone size-full wp-image-816\" style=\"margin-bottom: 20px !important; margin-top: 50px !important;\" src=\"https:\/\/www.madcham.de\/wp-content\/uploads\/2018\/05\/IMG-20170317-WA0021-e1582384544271.jpg\" alt=\"\" width=\"800\" height=\"445\" \/><\/a><\/div>\n<h2 class=\"text-medium text-uppercase alt-font font-weight-700 margin-bottom-10\"><a href=\"#\">Wissensvermittlung auf Madagaskar<\/a><\/h2>\n<p class=\"text-medium no-margin-bottom text-gray-light\" style=\"text-align: justify;\">Es ist uns sehr wichtig, auf Madagaskar dazu beizutragen, dass Guides und Einheimische ihr Wissen \u00fcber Cham\u00e4leons erweitern k\u00f6nnen. Nur was man kennt, kann man auch sch\u00fctzen. Wir veteilen <a href=\"https:\/\/www.madcham.de\/de\/malbuecher-fuer-madagaskar\/\" target=\"_blank\" rel=\"noopener noreferrer\">unsere Malb\u00fccher<\/a> an Kinder, <a href=\"https:\/\/www.tanalahorizon.com\/de\/hilfsprojekt-ala-kely\/\" target=\"_blank\" rel=\"noopener noreferrer\">forsten Wald auf<\/a> und versorgen<em> local guides<\/em> in Ausbildung mit aktualisierten <a href=\"https:\/\/www.madcham.de\/de\/fieldguides-fuer-madagaskar\/\" target=\"_blank\" rel=\"noopener noreferrer\">Fieldguides<\/a>. \u00d6kotourismus funktioniert nur dann, wenn Madagaskar selbst den Wert seiner fantastischen Artenvielfalt und seiner W\u00e4lder erkennt.<\/p>\n<\/div><div class=\"paperio-text-block col-md-4 col-sm-4 col-xs-12 xs-margin-bottom-20\">\n<div class=\"about-bottom-col-img\"><a href=\"#\"><img loading=\"lazy\" decoding=\"async\" class=\"alignnone size-full wp-image-816\" style=\"margin-bottom: 20px !important; margin-top: 50px !important;\" src=\"https:\/\/www.madcham.de\/wp-content\/uploads\/2020\/02\/Wer-wir-sind-Furcifer-wilsii-im-Habitat.jpg\" alt=\"\" width=\"800\" height=\"445\" \/><\/a><\/div>\n<h2 class=\"text-medium text-uppercase alt-font font-weight-700 margin-bottom-10\"><a href=\"#\">Neue Fundorte<\/a><\/h2>\n<p class=\"text-medium no-margin-bottom text-gray-light\" style=\"text-align: justify;\">Viele Cham\u00e4leonarten Madagaskars sind auf ganz spezielle Lebensr\u00e4ume beschr\u00e4nkt. Nur wenige Arten sind auf der gesamten Insel heimisch. Aber nicht alle Fundorte sind der Wissenschaft bekannt und viele Populationen von Cham\u00e4leons sind noch gar nicht untersucht. Wir suchen das ganze Jahr \u00fcber nach ungew\u00f6hnlichen Vorkommen und unbekannten Habitaten, um das Wissen \u00fcber die bunten Schuppentiere zu verbessern.<\/p>\n<\/div><div class=\"paperio-text-block col-md-4 col-sm-4 col-xs-12 xs-margin-bottom-20\">\n<div class=\"about-bottom-col-img\"><a href=\"#\"><img loading=\"lazy\" decoding=\"async\" class=\"alignnone size-full wp-image-816\" style=\"margin-bottom: 20px !important; margin-top: 50px !important;\" src=\"https:\/\/www.madcham.de\/wp-content\/uploads\/2020\/10\/Team-in-Marojejy-e1602099162549.jpg\" alt=\"\" width=\"800\" height=\"445\" \/><\/a><\/div>\n<h2 class=\"text-medium text-uppercase alt-font font-weight-700 margin-bottom-10\"><a href=\"#\">Unbekannte Arten<\/a><\/h2>\n<p class=\"text-medium no-margin-bottom text-gray-light\" style=\"text-align: justify;\">Auf Madagaskar warten noch viele Cham\u00e4leonarten auf ihre Entdeckung. Schon h\u00e4ufig haben wir Tiere gefunden, die erst Jahre sp\u00e4ter als eigene Art beschrieben wurden. Unser gro\u00dfes Ziel und nat\u00fcrlich bisher eher ein Wunschtraum ist es, selbst einmal eine neue Art zu entdecken und zu beschreiben. Aber nachdem wir schon so viele kleine Ziele erreicht haben &#8211; wer wei\u00df, eine neue Art zu entdecken kommt vielleicht noch?<\/p>\n<\/div>\n<\/div>\n<div class=\"row\"><\/div>\n<div class=\"row\">\n<div class=\"col-md-9 col-sm-9 margin-lr-auto float-none\">\n<h2 class=\"alt-font title-extra-small text-uppercase text-black text-center margin-five-bottom xs-margin-five-bottom font-weight-700\">Schreib uns!<\/h2>\n<div class=\"blog-comment-form\"><div class=\"cf7sg-container cf7sg-not-grid\"><div id=\"cf7sg-form-drop-me-a-line\" class=\" key_drop-me-a-line\">\n<div class=\"wpcf7 no-js\" id=\"wpcf7-f274-o1\" lang=\"en-US\" dir=\"ltr\">\n<div class=\"screen-reader-response\"><p role=\"status\" aria-live=\"polite\" aria-atomic=\"true\"><\/p> <ul><\/ul><\/div>\n<form action=\"\/de\/wp-json\/wp\/v2\/pages\/143#wpcf7-f274-o1\" method=\"post\" class=\"wpcf7-form init\" aria-label=\"Contact form\" novalidate=\"novalidate\" data-status=\"init\">\n<div style=\"display: none;\">\n<input type=\"hidden\" name=\"_wpcf7\" value=\"274\" \/>\n<input type=\"hidden\" name=\"_wpcf7_version\" value=\"5.9.8\" \/>\n<input type=\"hidden\" name=\"_wpcf7_locale\" value=\"en_US\" \/>\n<input type=\"hidden\" name=\"_wpcf7_unit_tag\" value=\"wpcf7-f274-o1\" \/>\n<input type=\"hidden\" name=\"_wpcf7_container_post\" value=\"0\" \/>\n<input type=\"hidden\" name=\"_wpcf7_posted_data_hash\" value=\"\" \/>\n<input type=\"hidden\" name=\"_wpcf7_key\" value=\"drop-me-a-line\" \/>\n<input type=\"hidden\" name=\"_cf7sg_toggles\" value=\"\" \/>\n<input type=\"hidden\" name=\"_cf7sg_version\" value=\"4.15.8\" \/>\n<input type=\"hidden\" name=\"_wpnonce\" value=\"bcd1ec9995\" \/>\n<\/div>\n<div class=\"row\">\n\t<div class=\"col-md-6\">\n\t\t<p><span class=\"wpcf7-form-control-wrap\" data-name=\"your-name\"><input size=\"40\" maxlength=\"400\" class=\"wpcf7-form-control wpcf7-text wpcf7-validates-as-required input-field medium-input\" aria-required=\"true\" aria-invalid=\"false\" placeholder=\"Name *\" value=\"\" type=\"text\" name=\"your-name\" \/><\/span>\n\t\t<\/p>\n\t<\/div>\n\t<div class=\"col-md-6\">\n\t\t<p><span class=\"wpcf7-form-control-wrap\" data-name=\"your-email\"><input size=\"40\" maxlength=\"400\" class=\"wpcf7-form-control wpcf7-email wpcf7-validates-as-required wpcf7-text wpcf7-validates-as-email input-field medium-input\" aria-required=\"true\" aria-invalid=\"false\" placeholder=\"E-Mail *\" value=\"\" type=\"email\" name=\"your-email\" \/><\/span>\n\t\t<\/p>\n\t<\/div>\n\t<div class=\"col-md-12\">\n\t\t<p><span class=\"wpcf7-form-control-wrap\" data-name=\"your-message\"><textarea cols=\"40\" rows=\"10\" maxlength=\"2000\" class=\"wpcf7-form-control wpcf7-textarea input-textarea medium-input\" aria-invalid=\"false\" placeholder=\"Deine Nachricht\" name=\"your-message\"><\/textarea><\/span>\n\t\t<\/p>\n\t<\/div>\n\t<div class=\"col-md-12 text-center\">\n\t\t<p><input class=\"wpcf7-form-control wpcf7-submit has-spinner btn btn-border btn-small text-uppercase font-weight-700 letter-spacing-1 alt-font\" type=\"submit\" value=\"Abschicken\" \/>\n\t\t<\/p>\n\t<\/div>\n<\/div><div class=\"wpcf7-response-output\" aria-hidden=\"true\"><\/div>\n<\/form>\n<\/div>\n<\/div><\/div><\/div>\n<\/div>\n<\/div>","protected":false},"excerpt":{"rendered":"<p>Wir, das sind Thorsten, Alex und Dimby. Wir sind das Team von Madcham.de! Thorsten ist Fotografenmeister und Chef von Tanalahorizon, der Reiseagentur f\u00fcr Madagaskarreisen. Thorsten, Spitzname Tanala (madagassisch f\u00fcr Cham\u00e4leon), hat zusammen mit einem Freund vor 12 Jahren Madcham.de gegr\u00fcndet. Alex ist Tier\u00e4rztin mit Faible f\u00fcr Reptilien, insbesondere Cham\u00e4leons, und hat ihre Doktorarbeit \u00fcber Panthercham\u00e4leons geschrieben. Deshalb ist sie wie Thorsten seit etlichen Jahren regelm\u00e4\u00dfig auf Madagaskar, zum Fotografieren und Daten sammeln. So kam sie zu Madcham.de und sorgte daf\u00fcr, dass die Website nach und nach\u00a0 \u00fcberarbeitet und erweitert wurde. \u00dcber Tanalahorizon kam schlie\u00dflich auch Dimby zu den Cham\u00e4leons. Er ist Tourkoordinator und National Guide und auf unseren Expeditionen immer dabei. Es d\u00fcrfte auf Madagaskar wenige Leute geben, die soviel Erfahrung und Fingerspitzengef\u00fchl im Umgang mit den bunten Schuppentieren haben wie er. Au\u00dferdem ist er immer auf der Suche nach neuen Fundorten f\u00fcr seltene Arten. Foto v.l.n.r.: Nestor, Jos\u00e9, Mosesy, Thorsten, Dimby und Alex Mit dem Laden des Videos akzeptieren Sie die Datenschutzerkl\u00e4rung von YouTube.Mehr erfahren Video laden YouTube immer entsperren Unsere Ziele Unser Ziel ist es, m\u00f6glichst viele Daten zu madagassischen Cham\u00e4leons und dem Klima auf Madagaskar zu sammeln. Das Ganze ist ein absolutes Non-Profit-Projekt, das wir nebenher in&#8230;<\/p>\n","protected":false},"author":3,"featured_media":5824,"parent":0,"menu_order":1,"comment_status":"open","ping_status":"open","template":"","meta":{"_monsterinsights_skip_tracking":false,"_monsterinsights_sitenote_active":false,"_monsterinsights_sitenote_note":"","_monsterinsights_sitenote_category":0,"footnotes":""},"_links":{"self":[{"href":"https:\/\/www.madcham.de\/de\/wp-json\/wp\/v2\/pages\/143"}],"collection":[{"href":"https:\/\/www.madcham.de\/de\/wp-json\/wp\/v2\/pages"}],"about":[{"href":"https:\/\/www.madcham.de\/de\/wp-json\/wp\/v2\/types\/page"}],"author":[{"embeddable":true,"href":"https:\/\/www.madcham.de\/de\/wp-json\/wp\/v2\/users\/3"}],"replies":[{"embeddable":true,"href":"https:\/\/www.madcham.de\/de\/wp-json\/wp\/v2\/comments?post=143"}],"version-history":[{"count":182,"href":"https:\/\/www.madcham.de\/de\/wp-json\/wp\/v2\/pages\/143\/revisions"}],"predecessor-version":[{"id":14025,"href":"https:\/\/www.madcham.de\/de\/wp-json\/wp\/v2\/pages\/143\/revisions\/14025"}],"wp:featuredmedia":[{"embeddable":true,"href":"https:\/\/www.madcham.de\/de\/wp-json\/wp\/v2\/media\/5824"}],"wp:attachment":[{"href":"https:\/\/www.madcham.de\/de\/wp-json\/wp\/v2\/media?parent=143"}],"curies":[{"name":"wp","href":"https:\/\/api.w.org\/{rel}","templated":true}]}}