{"id":2405,"date":"2015-02-19T19:23:10","date_gmt":"2015-02-19T18:23:10","guid":{"rendered":"http:\/\/madcham.com\/?page_id=2405"},"modified":"2016-07-16T20:44:12","modified_gmt":"2016-07-16T18:44:12","slug":"vielen-dank","status":"publish","type":"page","link":"https:\/\/www.madcham.de\/de\/vielen-dank\/","title":{"rendered":"Versendet!"},"content":{"rendered":"Vielen Dank f\u00fcr Ihre Mitteilung.<\/p>\n<p>Wir bem\u00fchen uns, Ihre E-Mail so bald wie m\u00f6glich zu beantworten.<\/p>\n<p>Mit freundlichen Gr\u00fc\u00dfen<br \/>\nIhr Team von Madcham.com","protected":false},"excerpt":{"rendered":"<p>Vielen Dank f\u00fcr Ihre Mitteilung. Wir bem\u00fchen uns, Ihre E-Mail so bald wie m\u00f6glich zu beantworten. Mit freundlichen Gr\u00fc\u00dfen Ihr Team von Madcham.com<\/p>\n","protected":false},"author":3,"featured_media":0,"parent":0,"menu_order":4,"comment_status":"closed","ping_status":"closed","template":"","meta":{"_monsterinsights_skip_tracking":false,"_monsterinsights_sitenote_active":false,"_monsterinsights_sitenote_note":"","_monsterinsights_sitenote_category":0,"footnotes":""},"_links":{"self":[{"href":"https:\/\/www.madcham.de\/de\/wp-json\/wp\/v2\/pages\/2405"}],"collection":[{"href":"https:\/\/www.madcham.de\/de\/wp-json\/wp\/v2\/pages"}],"about":[{"href":"https:\/\/www.madcham.de\/de\/wp-json\/wp\/v2\/types\/page"}],"author":[{"embeddable":true,"href":"https:\/\/www.madcham.de\/de\/wp-json\/wp\/v2\/users\/3"}],"replies":[{"embeddable":true,"href":"https:\/\/www.madcham.de\/de\/wp-json\/wp\/v2\/comments?post=2405"}],"version-history":[{"count":3,"href":"https:\/\/www.madcham.de\/de\/wp-json\/wp\/v2\/pages\/2405\/revisions"}],"predecessor-version":[{"id":3055,"href":"https:\/\/www.madcham.de\/de\/wp-json\/wp\/v2\/pages\/2405\/revisions\/3055"}],"wp:attachment":[{"href":"https:\/\/www.madcham.de\/de\/wp-json\/wp\/v2\/media?parent=2405"}],"curies":[{"name":"wp","href":"https:\/\/api.w.org\/{rel}","templated":true}]}}