{"id":733,"date":"2014-09-05T18:49:39","date_gmt":"2014-09-05T16:49:39","guid":{"rendered":"http:\/\/madcham.com\/wordpress\/?page_id=733"},"modified":"2024-08-09T12:33:50","modified_gmt":"2024-08-09T10:33:50","slug":"impressum","status":"publish","type":"page","link":"https:\/\/www.madcham.de\/de\/impressum\/","title":{"rendered":"Impressum"},"content":{"rendered":"Thorsten Negro &amp; Dr. Alex Negro<br \/>\nGutenbergstra\u00dfe 13<br \/>\n65375 Oestrich-Winkel<\/p>\n<p><strong>Fotos, Grafiken und Inhalte<\/strong><\/p>\n<p style=\"text-align: justify;\">Fotos, Grafiken und Inhalte \u00a9 by Thorsten Negro, Dr. Alex Negro und Harison Zoe Radimbiniaina. Alle Bilder, Texte und Inhalte unterliegen dem Urheberrecht und d\u00fcrfen nicht ohne ausdr\u00fcckliches Einverst\u00e4ndnis unsererseits ver\u00f6ffentlicht werden. Eine Weiterverwendung der Bilder ist nur mit ausdr\u00fccklicher Genehmigung des jeweiligen Fotografen statthaft.<\/p>\n<p>Bei Fragen nutzen Sie bitte das Kontakt-Formular oder senden Sie eine E-Mail an info@madcham.de.","protected":false},"excerpt":{"rendered":"<p>Thorsten Negro &amp; Dr. Alex Negro Gutenbergstra\u00dfe 13 65375 Oestrich-Winkel Fotos, Grafiken und Inhalte Fotos, Grafiken und Inhalte \u00a9 by Thorsten Negro, Dr. Alex Negro und Harison Zoe Radimbiniaina. Alle Bilder, Texte und Inhalte unterliegen dem Urheberrecht und d\u00fcrfen nicht ohne ausdr\u00fcckliches Einverst\u00e4ndnis unsererseits ver\u00f6ffentlicht werden. Eine Weiterverwendung der Bilder ist nur mit ausdr\u00fccklicher Genehmigung des jeweiligen Fotografen statthaft. Bei Fragen nutzen Sie bitte das Kontakt-Formular oder senden Sie eine E-Mail an info@madcham.de.<\/p>\n","protected":false},"author":3,"featured_media":0,"parent":0,"menu_order":7,"comment_status":"closed","ping_status":"closed","template":"","meta":{"_monsterinsights_skip_tracking":false,"_monsterinsights_sitenote_active":false,"_monsterinsights_sitenote_note":"","_monsterinsights_sitenote_category":0,"footnotes":""},"_links":{"self":[{"href":"https:\/\/www.madcham.de\/de\/wp-json\/wp\/v2\/pages\/733"}],"collection":[{"href":"https:\/\/www.madcham.de\/de\/wp-json\/wp\/v2\/pages"}],"about":[{"href":"https:\/\/www.madcham.de\/de\/wp-json\/wp\/v2\/types\/page"}],"author":[{"embeddable":true,"href":"https:\/\/www.madcham.de\/de\/wp-json\/wp\/v2\/users\/3"}],"replies":[{"embeddable":true,"href":"https:\/\/www.madcham.de\/de\/wp-json\/wp\/v2\/comments?post=733"}],"version-history":[{"count":11,"href":"https:\/\/www.madcham.de\/de\/wp-json\/wp\/v2\/pages\/733\/revisions"}],"predecessor-version":[{"id":13782,"href":"https:\/\/www.madcham.de\/de\/wp-json\/wp\/v2\/pages\/733\/revisions\/13782"}],"wp:attachment":[{"href":"https:\/\/www.madcham.de\/de\/wp-json\/wp\/v2\/media?parent=733"}],"curies":[{"name":"wp","href":"https:\/\/api.w.org\/{rel}","templated":true}]}}