{"id":733,"date":"2014-09-05T18:49:39","date_gmt":"2014-09-05T16:49:39","guid":{"rendered":"http:\/\/madcham.com\/wordpress\/?page_id=733"},"modified":"2024-08-09T12:33:50","modified_gmt":"2024-08-09T10:33:50","slug":"impressum","status":"publish","type":"page","link":"https:\/\/www.madcham.de\/fr\/impressum\/","title":{"rendered":"Mentions l\u00e9gales"},"content":{"rendered":"Thorsten Negro &amp; Dr. Alex Negro<br \/>\nGutenbergstra\u00dfe 13<br \/>\n65375 Oestrich-Winkel<\/p>\n<p style=\"text-align: justify;\"><strong>Photos, graphiques et contenus<\/strong><\/p>\n<p style=\"text-align: justify;\">Photos, graphiques et contenus \u00a9 by Thorsten Negro, Dr. Alex Negro et Harison Zoe Radimbiniaina. Toutes les images, textes et contenus sont soumis aux droits d&rsquo;auteur et ne peuvent pas \u00eatre publi\u00e9s sans notre accord explicite. La r\u00e9utilisation des images n&rsquo;est permise qu&rsquo;avec l&rsquo;autorisation expresse du photographe concern\u00e9.<\/p>\n<p style=\"text-align: justify;\">Si tu as des questions, utilise le formulaire de contact ou envoie un e-mail \u00e0 <a href=\"mailto:info@madcham.de\">info@madcham.de<\/a>.<\/p>\n<p>&nbsp;<\/p>\n<p>&nbsp;","protected":false},"excerpt":{"rendered":"<p>Thorsten Negro &amp; Dr. Alex Negro Gutenbergstra\u00dfe 13 65375 Oestrich-Winkel Photos, graphiques et contenus Photos, graphiques et contenus \u00a9 by Thorsten Negro, Dr. Alex Negro et Harison Zoe Radimbiniaina. Toutes les images, textes et contenus sont soumis aux droits d&rsquo;auteur et ne peuvent pas \u00eatre publi\u00e9s sans notre accord explicite. La r\u00e9utilisation des images n&rsquo;est permise qu&rsquo;avec l&rsquo;autorisation expresse du photographe concern\u00e9. Si tu as des questions, utilise le formulaire de contact ou envoie un e-mail \u00e0 info@madcham.de. &nbsp; &nbsp;<\/p>\n","protected":false},"author":3,"featured_media":0,"parent":0,"menu_order":7,"comment_status":"closed","ping_status":"closed","template":"","meta":{"_monsterinsights_skip_tracking":false,"_monsterinsights_sitenote_active":false,"_monsterinsights_sitenote_note":"","_monsterinsights_sitenote_category":0,"footnotes":""},"_links":{"self":[{"href":"https:\/\/www.madcham.de\/fr\/wp-json\/wp\/v2\/pages\/733"}],"collection":[{"href":"https:\/\/www.madcham.de\/fr\/wp-json\/wp\/v2\/pages"}],"about":[{"href":"https:\/\/www.madcham.de\/fr\/wp-json\/wp\/v2\/types\/page"}],"author":[{"embeddable":true,"href":"https:\/\/www.madcham.de\/fr\/wp-json\/wp\/v2\/users\/3"}],"replies":[{"embeddable":true,"href":"https:\/\/www.madcham.de\/fr\/wp-json\/wp\/v2\/comments?post=733"}],"version-history":[{"count":11,"href":"https:\/\/www.madcham.de\/fr\/wp-json\/wp\/v2\/pages\/733\/revisions"}],"predecessor-version":[{"id":13782,"href":"https:\/\/www.madcham.de\/fr\/wp-json\/wp\/v2\/pages\/733\/revisions\/13782"}],"wp:attachment":[{"href":"https:\/\/www.madcham.de\/fr\/wp-json\/wp\/v2\/media?parent=733"}],"curies":[{"name":"wp","href":"https:\/\/api.w.org\/{rel}","templated":true}]}}